{"id":204,"date":"2024-04-10T20:30:14","date_gmt":"2024-04-10T23:30:14","guid":{"rendered":"https:\/\/palconews.com\/?page_id=204"},"modified":"2024-04-10T20:30:15","modified_gmt":"2024-04-10T23:30:15","slug":"tranparencia","status":"publish","type":"page","link":"https:\/\/palconews.com\/index.php\/tranparencia\/","title":{"rendered":"Tranpar\u00eancia"},"content":{"rendered":"\n<p><strong>Coment\u00e1rios e participa\u00e7\u00e3o dos leitores:<\/strong><\/p>\n\n\n\n<p>Valorizamos os coment\u00e1rios e a participa\u00e7\u00e3o ativa de nossos leitores. Estamos sempre abertos a sugest\u00f5es, d\u00favidas e feedback sobre nossas receitas. No entanto, nos reservamos o direito de moderar e excluir qualquer coment\u00e1rio ofensivo, spam ou que viole nossas pol\u00edticas. Promovemos um ambiente de respeito m\u00fatuo e troca construtiva de ideias.<\/p>\n\n\n\n<p><strong>Afiliados e publicidade:<\/strong><\/p>\n\n\n\n<p>Ressaltamos que o conteudo editorial do blog \u00e9 Produzido de forma independente, sem influ\u00eancia de qualquer patrocinador ou anunciante.<\/p>\n\n\n\n<p>Por\u00e9m, estamos abertos a possibilidades de utilizar programas de afiliados e exibir an\u00fancios relevantes. Estamos abertos para parcerias, no momento vamos fazer parcerias com Google AdSense de acordo com os termos. No entanto, isso n\u00e3o afeta a sele\u00e7\u00e3o de receitas ou nossa opini\u00e3o sobre os produtos apresentados. Sempre buscamos recomendar produtos que acreditamos serem de qualidade e \u00fateis para nossos leitores.<\/p>\n","protected":false},"excerpt":{"rendered":"<p>Coment\u00e1rios e participa\u00e7\u00e3o dos leitores: Valorizamos os coment\u00e1rios e a participa\u00e7\u00e3o ativa de nossos leitores. Estamos sempre abertos a sugest\u00f5es, [&hellip;]<\/p>\n","protected":false},"author":1,"featured_media":0,"parent":0,"menu_order":0,"comment_status":"closed","ping_status":"closed","template":"","meta":{"_uf_show_specific_survey":0,"_uf_disable_surveys":false,"site-sidebar-layout":"default","site-content-layout":"","ast-site-content-layout":"","site-content-style":"default","site-sidebar-style":"default","ast-global-header-display":"","ast-banner-title-visibility":"","ast-main-header-display":"","ast-hfb-above-header-display":"","ast-hfb-below-header-display":"","ast-hfb-mobile-header-display":"","site-post-title":"","ast-breadcrumbs-content":"","ast-featured-img":"","footer-sml-layout":"","theme-transparent-header-meta":"","adv-header-id-meta":"","stick-header-meta":"","header-above-stick-meta":"","header-main-stick-meta":"","header-below-stick-meta":"","astra-migrate-meta-layouts":"default","ast-page-background-enabled":"default","ast-page-background-meta":{"desktop":{"background-color":"var(--ast-global-color-4)","background-image":"","background-repeat":"repeat","background-position":"center center","background-size":"auto","background-attachment":"scroll","background-type":"","background-media":"","overlay-type":"","overlay-color":"","overlay-gradient":""},"tablet":{"background-color":"","background-image":"","background-repeat":"repeat","background-position":"center center","background-size":"auto","background-attachment":"scroll","background-type":"","background-media":"","overlay-type":"","overlay-color":"","overlay-gradient":""},"mobile":{"background-color":"","background-image":"","background-repeat":"repeat","background-position":"center center","background-size":"auto","background-attachment":"scroll","background-type":"","background-media":"","overlay-type":"","overlay-color":"","overlay-gradient":""}},"ast-content-background-meta":{"desktop":{"background-color":"var(--ast-global-color-5)","background-image":"","background-repeat":"repeat","background-position":"center center","background-size":"auto","background-attachment":"scroll","background-type":"","background-media":"","overlay-type":"","overlay-color":"","overlay-gradient":""},"tablet":{"background-color":"var(--ast-global-color-5)","background-image":"","background-repeat":"repeat","background-position":"center center","background-size":"auto","background-attachment":"scroll","background-type":"","background-media":"","overlay-type":"","overlay-color":"","overlay-gradient":""},"mobile":{"background-color":"var(--ast-global-color-5)","background-image":"","background-repeat":"repeat","background-position":"center center","background-size":"auto","background-attachment":"scroll","background-type":"","background-media":"","overlay-type":"","overlay-color":"","overlay-gradient":""}},"footnotes":""},"yoast_head":"<!-- This site is optimized with the Yoast SEO plugin v22.4 - https:\/\/yoast.com\/wordpress\/plugins\/seo\/ -->\n<title>Tranpar\u00eancia - Palco News<\/title>\n<meta name=\"robots\" content=\"index, follow, max-snippet:-1, max-image-preview:large, max-video-preview:-1\" \/>\n<link rel=\"canonical\" href=\"https:\/\/palconews.com\/index.php\/tranparencia\/\" \/>\n<meta property=\"og:locale\" content=\"pt_BR\" \/>\n<meta property=\"og:type\" content=\"article\" \/>\n<meta property=\"og:title\" content=\"Tranpar\u00eancia - Palco News\" \/>\n<meta property=\"og:description\" content=\"Coment\u00e1rios e participa\u00e7\u00e3o dos leitores: Valorizamos os coment\u00e1rios e a participa\u00e7\u00e3o ativa de nossos leitores. Estamos sempre abertos a sugest\u00f5es, [&hellip;]\" \/>\n<meta property=\"og:url\" content=\"https:\/\/palconews.com\/index.php\/tranparencia\/\" \/>\n<meta property=\"og:site_name\" content=\"Palco News\" \/>\n<meta property=\"article:modified_time\" content=\"2024-04-10T23:30:15+00:00\" \/>\n<meta name=\"twitter:card\" content=\"summary_large_image\" \/>\n<meta name=\"twitter:label1\" content=\"Est. tempo de leitura\" \/>\n\t<meta name=\"twitter:data1\" content=\"1 minuto\" \/>\n<script type=\"application\/ld+json\" class=\"yoast-schema-graph\">{\"@context\":\"https:\/\/schema.org\",\"@graph\":[{\"@type\":\"WebPage\",\"@id\":\"https:\/\/palconews.com\/index.php\/tranparencia\/\",\"url\":\"https:\/\/palconews.com\/index.php\/tranparencia\/\",\"name\":\"Tranpar\u00eancia - Palco News\",\"isPartOf\":{\"@id\":\"https:\/\/palconews.com\/#website\"},\"datePublished\":\"2024-04-10T23:30:14+00:00\",\"dateModified\":\"2024-04-10T23:30:15+00:00\",\"breadcrumb\":{\"@id\":\"https:\/\/palconews.com\/index.php\/tranparencia\/#breadcrumb\"},\"inLanguage\":\"pt-BR\",\"potentialAction\":[{\"@type\":\"ReadAction\",\"target\":[\"https:\/\/palconews.com\/index.php\/tranparencia\/\"]}]},{\"@type\":\"BreadcrumbList\",\"@id\":\"https:\/\/palconews.com\/index.php\/tranparencia\/#breadcrumb\",\"itemListElement\":[{\"@type\":\"ListItem\",\"position\":1,\"name\":\"Home\",\"item\":\"https:\/\/palconews.com\/\"},{\"@type\":\"ListItem\",\"position\":2,\"name\":\"Tranpar\u00eancia\"}]},{\"@type\":\"WebSite\",\"@id\":\"https:\/\/palconews.com\/#website\",\"url\":\"https:\/\/palconews.com\/\",\"name\":\"Palco News\",\"description\":\"Aqui a not\u00edcia se apresenta\",\"publisher\":{\"@id\":\"https:\/\/palconews.com\/#organization\"},\"potentialAction\":[{\"@type\":\"SearchAction\",\"target\":{\"@type\":\"EntryPoint\",\"urlTemplate\":\"https:\/\/palconews.com\/?s={search_term_string}\"},\"query-input\":\"required name=search_term_string\"}],\"inLanguage\":\"pt-BR\"},{\"@type\":\"Organization\",\"@id\":\"https:\/\/palconews.com\/#organization\",\"name\":\"Palco News\",\"url\":\"https:\/\/palconews.com\/\",\"logo\":{\"@type\":\"ImageObject\",\"inLanguage\":\"pt-BR\",\"@id\":\"https:\/\/palconews.com\/#\/schema\/logo\/image\/\",\"url\":\"https:\/\/palconews.com\/wp-content\/uploads\/2024\/04\/cropped-LogoPalco.png\",\"contentUrl\":\"https:\/\/palconews.com\/wp-content\/uploads\/2024\/04\/cropped-LogoPalco.png\",\"width\":910,\"height\":749,\"caption\":\"Palco News\"},\"image\":{\"@id\":\"https:\/\/palconews.com\/#\/schema\/logo\/image\/\"}}]}<\/script>\n<!-- \/ Yoast SEO plugin. -->","yoast_head_json":{"title":"Tranpar\u00eancia - Palco News","robots":{"index":"index","follow":"follow","max-snippet":"max-snippet:-1","max-image-preview":"max-image-preview:large","max-video-preview":"max-video-preview:-1"},"canonical":"https:\/\/palconews.com\/index.php\/tranparencia\/","og_locale":"pt_BR","og_type":"article","og_title":"Tranpar\u00eancia - Palco News","og_description":"Coment\u00e1rios e participa\u00e7\u00e3o dos leitores: Valorizamos os coment\u00e1rios e a participa\u00e7\u00e3o ativa de nossos leitores. Estamos sempre abertos a sugest\u00f5es, [&hellip;]","og_url":"https:\/\/palconews.com\/index.php\/tranparencia\/","og_site_name":"Palco News","article_modified_time":"2024-04-10T23:30:15+00:00","twitter_card":"summary_large_image","twitter_misc":{"Est. tempo de leitura":"1 minuto"},"schema":{"@context":"https:\/\/schema.org","@graph":[{"@type":"WebPage","@id":"https:\/\/palconews.com\/index.php\/tranparencia\/","url":"https:\/\/palconews.com\/index.php\/tranparencia\/","name":"Tranpar\u00eancia - Palco News","isPartOf":{"@id":"https:\/\/palconews.com\/#website"},"datePublished":"2024-04-10T23:30:14+00:00","dateModified":"2024-04-10T23:30:15+00:00","breadcrumb":{"@id":"https:\/\/palconews.com\/index.php\/tranparencia\/#breadcrumb"},"inLanguage":"pt-BR","potentialAction":[{"@type":"ReadAction","target":["https:\/\/palconews.com\/index.php\/tranparencia\/"]}]},{"@type":"BreadcrumbList","@id":"https:\/\/palconews.com\/index.php\/tranparencia\/#breadcrumb","itemListElement":[{"@type":"ListItem","position":1,"name":"Home","item":"https:\/\/palconews.com\/"},{"@type":"ListItem","position":2,"name":"Tranpar\u00eancia"}]},{"@type":"WebSite","@id":"https:\/\/palconews.com\/#website","url":"https:\/\/palconews.com\/","name":"Palco News","description":"Aqui a not\u00edcia se apresenta","publisher":{"@id":"https:\/\/palconews.com\/#organization"},"potentialAction":[{"@type":"SearchAction","target":{"@type":"EntryPoint","urlTemplate":"https:\/\/palconews.com\/?s={search_term_string}"},"query-input":"required name=search_term_string"}],"inLanguage":"pt-BR"},{"@type":"Organization","@id":"https:\/\/palconews.com\/#organization","name":"Palco News","url":"https:\/\/palconews.com\/","logo":{"@type":"ImageObject","inLanguage":"pt-BR","@id":"https:\/\/palconews.com\/#\/schema\/logo\/image\/","url":"https:\/\/palconews.com\/wp-content\/uploads\/2024\/04\/cropped-LogoPalco.png","contentUrl":"https:\/\/palconews.com\/wp-content\/uploads\/2024\/04\/cropped-LogoPalco.png","width":910,"height":749,"caption":"Palco News"},"image":{"@id":"https:\/\/palconews.com\/#\/schema\/logo\/image\/"}}]}},"_links":{"self":[{"href":"https:\/\/palconews.com\/index.php\/wp-json\/wp\/v2\/pages\/204"}],"collection":[{"href":"https:\/\/palconews.com\/index.php\/wp-json\/wp\/v2\/pages"}],"about":[{"href":"https:\/\/palconews.com\/index.php\/wp-json\/wp\/v2\/types\/page"}],"author":[{"embeddable":true,"href":"https:\/\/palconews.com\/index.php\/wp-json\/wp\/v2\/users\/1"}],"replies":[{"embeddable":true,"href":"https:\/\/palconews.com\/index.php\/wp-json\/wp\/v2\/comments?post=204"}],"version-history":[{"count":1,"href":"https:\/\/palconews.com\/index.php\/wp-json\/wp\/v2\/pages\/204\/revisions"}],"predecessor-version":[{"id":206,"href":"https:\/\/palconews.com\/index.php\/wp-json\/wp\/v2\/pages\/204\/revisions\/206"}],"wp:attachment":[{"href":"https:\/\/palconews.com\/index.php\/wp-json\/wp\/v2\/media?parent=204"}],"curies":[{"name":"wp","href":"https:\/\/api.w.org\/{rel}","templated":true}]}}